{"id":72,"date":"2018-07-24T14:56:11","date_gmt":"2018-07-24T12:56:11","guid":{"rendered":"https:\/\/sam-tooling.com\/?page_id=72"},"modified":"2018-08-01T14:29:59","modified_gmt":"2018-08-01T12:29:59","slug":"deutsche-sprache","status":"publish","type":"page","link":"https:\/\/sam-tooling.com\/?page_id=72","title":{"rendered":"Willkommen auf der deutschsprachigen Internetseite von SAM TOOLING TECHNOLOGY!"},"content":{"rendered":"<h3 style=\"text-align: center;\"><img loading=\"lazy\" decoding=\"async\" class=\"alignnone size-full wp-image-105\" src=\"https:\/\/sam-tooling.com\/wp-content\/uploads\/2018\/07\/flag_de.jpg\" alt=\"\" width=\"79\" height=\"49\" \/><img loading=\"lazy\" decoding=\"async\" class=\"alignnone wp-image-124 aligncenter\" src=\"https:\/\/sam-tooling.com\/wp-content\/uploads\/2018\/07\/Banner-quer-1-300x21.jpg\" alt=\"\" width=\"643\" height=\"45\" srcset=\"https:\/\/sam-tooling.com\/wp-content\/uploads\/2018\/07\/Banner-quer-1-300x21.jpg 300w, https:\/\/sam-tooling.com\/wp-content\/uploads\/2018\/07\/Banner-quer-1-768x54.jpg 768w, https:\/\/sam-tooling.com\/wp-content\/uploads\/2018\/07\/Banner-quer-1-1024x72.jpg 1024w, https:\/\/sam-tooling.com\/wp-content\/uploads\/2018\/07\/Banner-quer-1-700x49.jpg 700w, https:\/\/sam-tooling.com\/wp-content\/uploads\/2018\/07\/Banner-quer-1.jpg 1240w\" sizes=\"auto, (max-width: 643px) 100vw, 643px\" \/><\/h3>\n<p style=\"text-align: center;\">Wir sind ein Hochleistungs Werkzeug Spezialist in Changan, S\u00fcdchina und realisieren h\u00f6chste Anforderungen f\u00fcr unsere Kunden in der ganzen Welt.<br \/>\nUnsere Firmenkultur basiert auf Ehrlichkeit und Verl\u00e4sslichkeit.<br \/>\nInternationale F\u00fchrung, ein erfahrenes Team und hochpr\u00e4zise Maschinen sind die Grundbausteine unseres Erfolgs. Unter deutscher und chinesischer F\u00fchrung greifen wir zur\u00fcck auf mehr als 30 Jahre Erfahrung im Werkzeugbau<\/p>\n<p style=\"text-align: center;\"><span style=\"color: #808080;\"><strong>Unsere Philosophie:<\/strong><\/span><br \/>\nHergestellt in China unter deutsche F\u00fchrung und Management ist unsere St\u00e4rke.<br \/>\nUnser deutscher Gr\u00fcnder hat mehr als 16 Jahre Erfahrungen in der F\u00fchrung eines Werkzeugbaus innerhalb eines gr\u00f6\u00dferen deutschen Unternehmens.<br \/>\nKontinuierlicher Verbesserungsprozess, Kennzahlen und visuelles Management sind bei uns eine Selbstverst\u00e4ndlichkeit.<\/p>\n<p style=\"text-align: center;\"><span style=\"color: #000000;\"><strong>Wir bieten Ihnen:<\/strong><\/span><\/p>\n<p style=\"text-align: center;\"><span style=\"color: #ff0000;\"><strong>Design &amp; Project Management:<\/strong><\/span><br \/>\n<img loading=\"lazy\" decoding=\"async\" class=\"size-medium wp-image-165 alignright\" src=\"https:\/\/sam-tooling.com\/wp-content\/uploads\/2018\/08\/Designer-300x150.jpg\" alt=\"\" width=\"300\" height=\"150\" srcset=\"https:\/\/sam-tooling.com\/wp-content\/uploads\/2018\/08\/Designer-300x150.jpg 300w, https:\/\/sam-tooling.com\/wp-content\/uploads\/2018\/08\/Designer-768x383.jpg 768w, https:\/\/sam-tooling.com\/wp-content\/uploads\/2018\/08\/Designer-700x349.jpg 700w, https:\/\/sam-tooling.com\/wp-content\/uploads\/2018\/08\/Designer-802x400.jpg 802w, https:\/\/sam-tooling.com\/wp-content\/uploads\/2018\/08\/Designer.jpg 1000w\" sizes=\"auto, (max-width: 300px) 100vw, 300px\" \/><\/p>\n<p>4 Projektingenieure, als Sprache stehen Deutsch, Englisch, Japanisch und Chinesisch zur Verf\u00fcgung<br \/>\nWerkzeugkonstruktion:<br \/>\n7 Designers, von denen 3  mehr als 15 Jahre technische Erfahrung haben und Mold flow Analysen erstellen k\u00f6nnen<\/p>\n<p style=\"text-align: center;\"><strong><span style=\"color: #808080;\">Zerspanung:<\/span><\/strong><br \/>\n<img loading=\"lazy\" decoding=\"async\" class=\"alignleft wp-image-166 size-thumbnail\" src=\"https:\/\/sam-tooling.com\/wp-content\/uploads\/2018\/08\/CNC-150x150.jpg\" alt=\"\" width=\"150\" height=\"150\" srcset=\"https:\/\/sam-tooling.com\/wp-content\/uploads\/2018\/08\/CNC-150x150.jpg 150w, https:\/\/sam-tooling.com\/wp-content\/uploads\/2018\/08\/CNC-100x100.jpg 100w\" sizes=\"auto, (max-width: 150px) 100vw, 150px\" \/>die Pr\u00e4zision unsere CNC Bearbeitungsmaschinen ist genauer als 0.01mm. Wir k\u00f6nnen Bauteile bis zu 1 Meter im Haus verarbeiten. Mit einer maximalen Drehzahl von 15000R\/pm f\u00fchren wir  Hochgeschwindigkeitsbearbeitungen durch.<\/p>\n<p style=\"text-align: center;\"><strong><span style=\"color: #ff0000;\">EDM:<img loading=\"lazy\" decoding=\"async\" class=\"wp-image-169 size-thumbnail alignright\" src=\"https:\/\/sam-tooling.com\/wp-content\/uploads\/2018\/08\/EDM-150x150.jpg\" alt=\"\" width=\"150\" height=\"150\" srcset=\"https:\/\/sam-tooling.com\/wp-content\/uploads\/2018\/08\/EDM-150x150.jpg 150w, https:\/\/sam-tooling.com\/wp-content\/uploads\/2018\/08\/EDM-100x100.jpg 100w\" sizes=\"auto, (max-width: 150px) 100vw, 150px\" \/><\/span><\/strong><br \/>\nMit der neuesten Ausstattung von Sodick k\u00f6nnen wir den Erodier-Prozess sehr genau steuern und die Oberfl\u00e4che bis zum Spiegelgrad erreichen.<\/p>\n<p style=\"text-align: center;\"><strong><span style=\"color: #808080;\"><img loading=\"lazy\" decoding=\"async\" class=\"size-medium wp-image-171 alignleft\" src=\"https:\/\/sam-tooling.com\/wp-content\/uploads\/2018\/08\/injectmach-300x151.jpg\" alt=\"\" width=\"300\" height=\"151\" srcset=\"https:\/\/sam-tooling.com\/wp-content\/uploads\/2018\/08\/injectmach-300x151.jpg 300w, https:\/\/sam-tooling.com\/wp-content\/uploads\/2018\/08\/injectmach-768x386.jpg 768w, https:\/\/sam-tooling.com\/wp-content\/uploads\/2018\/08\/injectmach-700x352.jpg 700w, https:\/\/sam-tooling.com\/wp-content\/uploads\/2018\/08\/injectmach-796x400.jpg 796w, https:\/\/sam-tooling.com\/wp-content\/uploads\/2018\/08\/injectmach.jpg 995w\" sizes=\"auto, (max-width: 300px) 100vw, 300px\" \/>Spritzgu\u00df:<\/span><\/strong><br \/>\nMit 5 modernen Spritzgu\u00dfmaschinen von Demag und Haitian mit Schlie\u00dfkr\u00e4ften von 60 bis 380 Tonnen bemustern wir Formen und stellen Kleinserien her. Die Ausstattung ist geeignet f\u00fcr Glasfaser- und Hochtemperaturwerkstoffe.<\/p>\n<p style=\"text-align: center;\"><strong><span style=\"color: #ff0000;\">Messtechnik:<img loading=\"lazy\" decoding=\"async\" class=\"size-thumbnail wp-image-172 alignright\" src=\"https:\/\/sam-tooling.com\/wp-content\/uploads\/2018\/08\/messen-150x150.jpg\" alt=\"\" width=\"150\" height=\"150\" srcset=\"https:\/\/sam-tooling.com\/wp-content\/uploads\/2018\/08\/messen-150x150.jpg 150w, https:\/\/sam-tooling.com\/wp-content\/uploads\/2018\/08\/messen-100x100.jpg 100w\" sizes=\"auto, (max-width: 150px) 100vw, 150px\" \/><\/span><\/strong><br \/>\nEine konstante Basistemperatur von 20 Grad C garantiert die richtigen Messergebnisse. Wir pr\u00fcfen alle Elektroden vor der funkenerosiven Bearbeitung auf der Messmaschinen um stabile Fertigungsprozesse zu gew\u00e4hrleisten.<\/p>\n<p style=\"text-align: center;\"><strong><span style=\"color: #808080;\"><img loading=\"lazy\" decoding=\"async\" class=\"size-thumbnail wp-image-173 alignleft\" src=\"https:\/\/sam-tooling.com\/wp-content\/uploads\/2018\/08\/moldcheck-150x150.jpg\" alt=\"\" width=\"150\" height=\"150\" srcset=\"https:\/\/sam-tooling.com\/wp-content\/uploads\/2018\/08\/moldcheck-150x150.jpg 150w, https:\/\/sam-tooling.com\/wp-content\/uploads\/2018\/08\/moldcheck-100x100.jpg 100w\" sizes=\"auto, (max-width: 150px) 100vw, 150px\" \/>Transport:<\/span><\/strong><br \/>\nGem\u00e4\u00df den W\u00fcnschen unserer Kunden versenden wir Musterteile und Formwerkzeuge mittels See-, Zug-, und Luftfracht in die ganze Welt. Sicher verpackt und optimal konserviert l\u00e4sst sich der Korrosionsschutz nach Auslieferung leicht entfernen.<\/p>\n<h3 style=\"text-align: center;\"><strong>Senden Sie uns Ihre Anfragen!<\/strong><br \/>\n<strong>Innerhalb 24 Stunden erhalten Sie unser Angebot.<\/strong><\/h3>\n","protected":false},"excerpt":{"rendered":"<p>Wir sind ein Hochleistungs Werkzeug Spezialist in Changan, S\u00fcdchina und realisieren h\u00f6chste Anforderungen f\u00fcr unsere Kunden in der ganzen Welt. Unsere Firmenkultur basiert auf Ehrlichkeit und Verl\u00e4sslichkeit. Internationale F\u00fchrung, ein erfahrenes Team und hochpr\u00e4zise Maschinen sind die Grundbausteine unseres Erfolgs. Unter deutscher und chinesischer F\u00fchrung greifen wir zur\u00fcck auf mehr als 30 Jahre Erfahrung im &hellip; <a href=\"https:\/\/sam-tooling.com\/?page_id=72\" class=\"more-link\"><span class=\"screen-reader-text\">Willkommen auf der deutschsprachigen Internetseite von SAM TOOLING TECHNOLOGY!<\/span> weiterlesen <span class=\"meta-nav\">&rarr;<\/span><\/a><\/p>\n","protected":false},"author":1,"featured_media":0,"parent":0,"menu_order":0,"comment_status":"closed","ping_status":"closed","template":"","meta":{"footnotes":""},"class_list":["post-72","page","type-page","status-publish","hentry"],"_links":{"self":[{"href":"https:\/\/sam-tooling.com\/index.php?rest_route=\/wp\/v2\/pages\/72","targetHints":{"allow":["GET"]}}],"collection":[{"href":"https:\/\/sam-tooling.com\/index.php?rest_route=\/wp\/v2\/pages"}],"about":[{"href":"https:\/\/sam-tooling.com\/index.php?rest_route=\/wp\/v2\/types\/page"}],"author":[{"embeddable":true,"href":"https:\/\/sam-tooling.com\/index.php?rest_route=\/wp\/v2\/users\/1"}],"replies":[{"embeddable":true,"href":"https:\/\/sam-tooling.com\/index.php?rest_route=%2Fwp%2Fv2%2Fcomments&post=72"}],"version-history":[{"count":18,"href":"https:\/\/sam-tooling.com\/index.php?rest_route=\/wp\/v2\/pages\/72\/revisions"}],"predecessor-version":[{"id":176,"href":"https:\/\/sam-tooling.com\/index.php?rest_route=\/wp\/v2\/pages\/72\/revisions\/176"}],"wp:attachment":[{"href":"https:\/\/sam-tooling.com\/index.php?rest_route=%2Fwp%2Fv2%2Fmedia&parent=72"}],"curies":[{"name":"wp","href":"https:\/\/api.w.org\/{rel}","templated":true}]}}